{"id":71229,"date":"2025-04-28T09:55:44","date_gmt":"2025-04-28T09:55:44","guid":{"rendered":"https:\/\/www.technical-associates.eu\/about-us\/"},"modified":"2026-01-08T13:08:37","modified_gmt":"2026-01-08T13:08:37","slug":"a-propos","status":"publish","type":"page","link":"https:\/\/www.technical-associates.eu\/fr\/a-propos\/","title":{"rendered":"A propos"},"content":{"rendered":"\n<div class=\"wp-block-group alignfull icare-hero p-0 has-global-padding is-layout-constrained wp-block-group-is-layout-constrained\" style=\"margin-top:0;margin-bottom:0;--octopods-group-overlay-gradient:linear-gradient(180deg,rgb(0,0,0) 0%,rgba(0,0,0,0) 100%);--octopods-group-background-image:url(https:\/\/www.technical-associates.eu\/wp-content\/uploads\/2025\/04\/DSC_7567-scaled.jpg);--octopods-group-background-position:48% 56.00000000000001%;--octopods-group-background-size:cover;--octopods-group-background-repeat:no-repeat;--octopods-group-background-attachment:fixed\" data-aos=\"fade\" data-aos-duration=\"900\">\n<div style=\"height:200px\" aria-hidden=\"true\" class=\"wp-block-spacer block-visibility-hide-small-screen\"><\/div>\n\n\n\n<div style=\"height:80px\" aria-hidden=\"true\" class=\"wp-block-spacer block-visibility-hide-large-screen block-visibility-hide-medium-screen\"><\/div>\n\n\n\n<div class=\"wp-block-group has-global-padding is-layout-constrained wp-container-core-group-is-layout-adfcd56e wp-block-group-is-layout-constrained\" style=\"padding-top:var(--wp--preset--spacing--medium)\" data-aos=\"fade-right\" data-aos-duration=\"1000\">\n<div class=\"wp-block-group has-global-padding is-layout-constrained wp-block-group-is-layout-constrained\">\n<h1 class=\"wp-block-heading has-text-align-center has-base-color has-text-color has-link-color wp-elements-942735633f52eecb415bf7a9294577b0\">Des formations au service de la fiabilit\u00e9 et de la performance<\/h1>\n<\/div>\n\n\n\n<hr class=\"wp-block-separator has-text-color has-secondary-color has-alpha-channel-opacity has-secondary-background-color has-background is-style-default\"\/>\n\n\n\n<div class=\"wp-block-group has-global-padding is-layout-constrained wp-container-core-group-is-layout-704e782a wp-block-group-is-layout-constrained has-aspect-ratio\" style=\"border-style:none;border-width:0px;border-radius:0px;aspect-ratio:auto;min-height:unset;\">\n<p class=\"has-text-align-center has-base-color has-text-color has-link-color has-large-font-size wp-elements-9fe67ec87a590b879eecd4178dd72792\">Notre mission : transmettre aux \u00e9quipes les comp\u00e9tences n\u00e9cessaires pour renforcer la fiabilit\u00e9, am\u00e9liorer l\u2019efficacit\u00e9 et rester comp\u00e9titives, quel que soit le secteur.<\/p>\n<\/div>\n<\/div>\n\n\n\n<div style=\"height:150px\" aria-hidden=\"true\" class=\"wp-block-spacer\"><\/div>\n\n\n\n<div style=\"min-height:150px;--octopods-divider-shape-color:#ffffff;--octopods-divider-icon-color:;--octopods-divider-icon-size:20px;--octopods-divider-icon-align:center;--octopods-divider-icon-justify:center\" class=\"wp-block-octopods-divider alignfull\"><div class=\"wp-block-octopods-divider__shape\"><svg xmlns=\"http:\/\/www.w3.org\/2000\/svg\" aria-hidden=\"true\" class=\"curve_svg__octopods-divider-svg curve_svg__octopods-divider-svg--curve\" preserveAspectRatio=\"none\" viewBox=\"0 0 1600 200\"><path d=\"M1610 177.3C1423 122.9 1133.3 88 808 88c-334.7 0-631.8 37-818 94.1v28h1620z\"><\/path><\/svg><\/div><\/div>\n<\/div>\n\n\n\n<div class=\"wp-block-getwid-anchor\" id=\"#more-content\"><\/div>\n\n\n\n<div class=\"wp-block-group alignfull is-style-shade-left-bottom has-global-padding is-layout-constrained wp-container-core-group-is-layout-5f0433bf wp-block-group-is-layout-constrained\" style=\"margin-top:0;margin-bottom:0;padding-top:var(--wp--preset--spacing--x-large);padding-bottom:var(--wp--preset--spacing--large);--octopods-group-z-index:2\">\n<div class=\"wp-block-group is-vertical is-content-justification-center is-layout-flex wp-container-core-group-is-layout-ce155fab wp-block-group-is-layout-flex\">\n<h2 class=\"wp-block-heading has-text-align-center\">Notre parcours vers l\u2019<mark style=\"background-color:rgba(0, 0, 0, 0)\" class=\"has-inline-color has-secondary-color\">excellence en formation<\/mark> en Europe<\/h2>\n<\/div>\n\n\n\n<div class=\"wp-block-group is-vertical is-layout-flex wp-container-core-group-is-layout-fe9cc265 wp-block-group-is-layout-flex\">\n<div class=\"wp-block-getwid-content-timeline is-animated\" data-animation=\"slideInBottom\" data-filling=\"true\"><div class=\"wp-block-getwid-content-timeline__line\"><div class=\"wp-block-getwid-content-timeline__bar has-background has-secondary-background-color\"><\/div><\/div><div class=\"wp-block-getwid-content-timeline__wrapper\">\n<div class=\"wp-block-getwid-content-timeline-item\" style=\"margin-bottom:50px\"><div class=\"wp-block-getwid-content-timeline-item__wrapper\"><div class=\"wp-block-getwid-content-timeline-item__card has-background has-base-background-color\"><div class=\"wp-block-getwid-content-timeline-item__card-wrapper\"><div class=\"wp-block-getwid-content-timeline-item__content-wrapper\">\n<h3 class=\"wp-block-heading has-text-align-left\"><mark style=\"background-color:rgba(0, 0, 0, 0)\" class=\"has-inline-color has-primary-color\">1961<\/mark><\/h3>\n\n\n\n<p class=\"has-text-align-left\">Technical Associates of Charlotte est fond\u00e9e aux \u00c9tats-Unis et devient rapidement un pionnier de l\u2019analyse vibratoire et de la maintenance pr\u00e9dictive.<\/p>\n\n\n\n<p class=\"has-text-align-left\">D\u00e8s le d\u00e9part, l\u2019entreprise se concentre sur des programmes de formation d\u2019experts pour aider les industries \u00e0 am\u00e9liorer la fiabilit\u00e9 de leurs \u00e9quipements et la performance de leur maintenance.<\/p>\n<\/div><\/div><\/div><div class=\"wp-block-getwid-content-timeline-item__point\" style=\"margin-left:50px;margin-right:50px\" data-point-color=\"#c32c2b\"><div class=\"wp-block-getwid-content-timeline-item__point-content\"><\/div><\/div><div class=\"wp-block-getwid-content-timeline-item__meta\"><\/div><\/div><\/div>\n\n\n\n<div class=\"wp-block-getwid-content-timeline-item\" style=\"margin-bottom:50px\"><div class=\"wp-block-getwid-content-timeline-item__wrapper\"><div class=\"wp-block-getwid-content-timeline-item__card has-background has-base-background-color\"><div class=\"wp-block-getwid-content-timeline-item__card-wrapper\"><div class=\"wp-block-getwid-content-timeline-item__content-wrapper\">\n<h3 class=\"wp-block-heading\"><mark style=\"background-color:rgba(0, 0, 0, 0)\" class=\"has-inline-color has-primary-color\">2004<\/mark><\/h3>\n\n\n\n<p>I-care est fond\u00e9e par Fabrice Brion, avec une sp\u00e9cialisation dans les solutions avanc\u00e9es de maintenance pr\u00e9dictive.<\/p>\n\n\n\n<p>L\u2019entreprise s\u2019impose rapidement comme un leader en int\u00e9grant des technologies IoT (Wi-care\u2122) et l\u2019intelligence artificielle (I-see\u2122) pour aider les industries \u00e0 surveiller l\u2019\u00e9tat de sant\u00e9 de leurs \u00e9quipements et pr\u00e9venir les arr\u00eats co\u00fbteux.<\/p>\n<\/div><\/div><\/div><div class=\"wp-block-getwid-content-timeline-item__point\" style=\"margin-left:50px;margin-right:50px\" data-point-color=\"#c32c2b\"><div class=\"wp-block-getwid-content-timeline-item__point-content\"><\/div><\/div><div class=\"wp-block-getwid-content-timeline-item__meta\"><\/div><\/div><\/div>\n\n\n\n<div class=\"wp-block-getwid-content-timeline-item\" style=\"margin-bottom:50px\"><div class=\"wp-block-getwid-content-timeline-item__wrapper\"><div class=\"wp-block-getwid-content-timeline-item__card has-background has-base-background-color\"><div class=\"wp-block-getwid-content-timeline-item__card-wrapper\"><div class=\"wp-block-getwid-content-timeline-item__content-wrapper\">\n<h3 class=\"wp-block-heading has-text-align-left\"><mark style=\"background-color:rgba(0, 0, 0, 0)\" class=\"has-inline-color has-primary-color\">2023<\/mark><\/h3>\n\n\n\n<p class=\"has-text-align-left\">I-care\u2122 acquiert Technical Associates of Charlotte, int\u00e9grant des d\u00e9cennies d\u2019excellence p\u00e9dagogique dans l\u2019\u00e9cosyst\u00e8me I-care.<\/p>\n\n\n\n<p class=\"has-text-align-left\">Cette d\u00e9marche strat\u00e9gique associe le leadership d\u2019I-care en maintenance pr\u00e9dictive \u00e0 l\u2019h\u00e9ritage de TA en formation sur la maintenance et la fiabilit\u00e9.<\/p>\n<\/div><\/div><\/div><div class=\"wp-block-getwid-content-timeline-item__point\" style=\"margin-left:50px;margin-right:50px\" data-point-color=\"#c32c2b\"><div class=\"wp-block-getwid-content-timeline-item__point-content\"><\/div><\/div><div class=\"wp-block-getwid-content-timeline-item__meta\"><\/div><\/div><\/div>\n\n\n\n<div class=\"wp-block-getwid-content-timeline-item\" style=\"margin-bottom:50px\"><div class=\"wp-block-getwid-content-timeline-item__wrapper\"><div class=\"wp-block-getwid-content-timeline-item__card has-background has-base-background-color\"><div class=\"wp-block-getwid-content-timeline-item__card-wrapper\"><div class=\"wp-block-getwid-content-timeline-item__content-wrapper\">\n<h3 class=\"wp-block-heading\"><mark style=\"background-color:rgba(0, 0, 0, 0)\" class=\"has-inline-color has-primary-color\">2025<\/mark><\/h3>\n\n\n\n<p>I-care lance Technical Associates of Europe (TAE), un nouvel organisme de formation certifiant, ind\u00e9pendant, bas\u00e9 \u00e0 Mons, en Belgique.<\/p>\n\n\n\n<p>TAE combine l\u2019expertise terrain et le leadership technologique d\u2019I-care avec les m\u00e9thodes p\u00e9dagogiques \u00e9prouv\u00e9es de Technical Associates, pour rendre la formation en maintenance et fiabilit\u00e9 plus accessible, reconnue et percutante.<\/p>\n<\/div><\/div><\/div><div class=\"wp-block-getwid-content-timeline-item__point\" style=\"margin-left:50px;margin-right:50px\" data-point-color=\"#c32c2b\"><div class=\"wp-block-getwid-content-timeline-item__point-content\"><\/div><\/div><div class=\"wp-block-getwid-content-timeline-item__meta\"><\/div><\/div><\/div>\n<\/div><\/div>\n<\/div>\n<\/div>\n\n\n\n<div style=\"min-height:150px;--octopods-divider-shape-color:#ffffff;--octopods-divider-icon-color:;--octopods-divider-icon-size:20px;--octopods-divider-icon-align:center;--octopods-divider-icon-justify:center;--octopods-divider-shape-scale-y:-1\" class=\"wp-block-octopods-divider alignfull has-primary-accent-background-color has-background\"><div class=\"wp-block-octopods-divider__shape\"><svg xmlns=\"http:\/\/www.w3.org\/2000\/svg\" aria-hidden=\"true\" class=\"curve_svg__octopods-divider-svg curve_svg__octopods-divider-svg--curve\" preserveAspectRatio=\"none\" viewBox=\"0 0 1600 200\"><path d=\"M1610 177.3C1423 122.9 1133.3 88 808 88c-334.7 0-631.8 37-818 94.1v28h1620z\"><\/path><\/svg><\/div><\/div>\n\n\n\n<div class=\"wp-block-group alignfull has-primary-accent-background-color has-background has-global-padding is-layout-constrained wp-block-group-is-layout-constrained\" style=\"margin-top:0;margin-bottom:0;padding-top:var(--wp--preset--spacing--large);padding-bottom:var(--wp--preset--spacing--large)\">\n<div class=\"wp-block-columns are-vertically-aligned-center is-layout-flex wp-container-core-columns-is-layout-28f84493 wp-block-columns-is-layout-flex\">\n<div class=\"wp-block-column is-vertically-aligned-center is-layout-flow wp-block-column-is-layout-flow\" style=\"padding-top:var(--wp--preset--spacing--small);padding-bottom:var(--wp--preset--spacing--small)\">\n<figure class=\"wp-block-image size-full has-custom-border is-style-default\"><img alt=\"\" loading=\"lazy\" decoding=\"async\" width=\"1709\" height=\"2560\" src=\"https:\/\/www.technical-associates.eu\/wp-content\/uploads\/2025\/05\/DSC_7080-edited-1-scaled.jpg\" alt=\"\" class=\"wp-image-43145\" style=\"border-radius:20px;box-shadow:var(--wp--preset--shadow--natural);aspect-ratio:4\/3;object-fit:cover\" srcset=\"https:\/\/www.technical-associates.eu\/wp-content\/uploads\/2025\/05\/DSC_7080-edited-1-scaled.jpg 1709w, https:\/\/www.technical-associates.eu\/wp-content\/uploads\/2025\/05\/DSC_7080-edited-1-200x300.jpg 200w, https:\/\/www.technical-associates.eu\/wp-content\/uploads\/2025\/05\/DSC_7080-edited-1-684x1024.jpg 684w, https:\/\/www.technical-associates.eu\/wp-content\/uploads\/2025\/05\/DSC_7080-edited-1-768x1150.jpg 768w, https:\/\/www.technical-associates.eu\/wp-content\/uploads\/2025\/05\/DSC_7080-edited-1-1025x1536.jpg 1025w, https:\/\/www.technical-associates.eu\/wp-content\/uploads\/2025\/05\/DSC_7080-edited-1-1367x2048.jpg 1367w, https:\/\/www.technical-associates.eu\/wp-content\/uploads\/2025\/05\/DSC_7080-edited-1-300x450.jpg 300w, https:\/\/www.technical-associates.eu\/wp-content\/uploads\/2025\/05\/DSC_7080-edited-1-601x900.jpg 601w, https:\/\/www.technical-associates.eu\/wp-content\/uploads\/2025\/05\/DSC_7080-edited-1-721x1080.jpg 721w\" sizes=\"auto, (max-width: 1709px) 100vw, 1709px\" \/><\/figure>\n<\/div>\n\n\n\n<div class=\"wp-block-column is-vertically-aligned-center is-layout-flow wp-container-core-column-is-layout-c7b3064f wp-block-column-is-layout-flow\">\n<h2 class=\"wp-block-heading\">Fond\u00e9 sur l\u2019<mark style=\"background-color:rgba(0, 0, 0, 0)\" class=\"has-inline-color has-secondary-color\">exp\u00e9rience<\/mark>. Centr\u00e9 sur la <mark style=\"background-color:rgba(0, 0, 0, 0)\" class=\"has-inline-color has-secondary-color\">performance<\/mark>.<\/h2>\n\n\n\n<div class=\"wp-block-group is-vertical is-layout-flex wp-container-core-group-is-layout-e9e558ad wp-block-group-is-layout-flex\">\n<p>TAE propose des formations certifiantes et sp\u00e9cialis\u00e9es en maintenance, fiabilit\u00e9, lubrification et technologies de maintenance pr\u00e9dictive. <\/p>\n\n\n\n<p>Nos programmes sont con\u00e7us pour transmettre aux professionnels en Europe des comp\u00e9tences pratiques et des strat\u00e9gies tourn\u00e9es vers l\u2019avenir afin de rester comp\u00e9titifs dans un environnement industriel en constante \u00e9volution.<\/p>\n<\/div>\n\n\n\n<div class=\"wp-block-buttons is-content-justification-left is-layout-flex wp-container-core-buttons-is-layout-fc4fd283 wp-block-buttons-is-layout-flex\">\n<div class=\"wp-block-button\"><a class=\"wp-block-button__link has-secondary-color has-text-color has-background wp-element-button\" href=\"https:\/\/www.technical-associates.eu\/fr\/nos-formateurs\/\" style=\"border-width:2px;background-color:#FFFFFF00\">Rencontrez nos formateurs<\/a><\/div>\n<\/div>\n<\/div>\n<\/div>\n<\/div>\n\n\n\n<div style=\"min-height:150px;margin-top:0;margin-bottom:0;--octopods-divider-shape-color:#ffffff;--octopods-divider-icon-color:;--octopods-divider-icon-size:20px;--octopods-divider-icon-align:center;--octopods-divider-icon-justify:center\" class=\"wp-block-octopods-divider alignfull has-primary-accent-background-color has-background\"><div class=\"wp-block-octopods-divider__shape\"><svg xmlns=\"http:\/\/www.w3.org\/2000\/svg\" aria-hidden=\"true\" class=\"curve_svg__octopods-divider-svg curve_svg__octopods-divider-svg--curve\" preserveAspectRatio=\"none\" viewBox=\"0 0 1600 200\"><path d=\"M1610 177.3C1423 122.9 1133.3 88 808 88c-334.7 0-631.8 37-818 94.1v28h1620z\"><\/path><\/svg><\/div><\/div>\n\n\n\n<div class=\"wp-block-group alignfull has-global-padding is-layout-constrained wp-block-group-is-layout-constrained\" style=\"margin-top:0;margin-bottom:0;padding-top:var(--wp--preset--spacing--x-large);padding-bottom:var(--wp--preset--spacing--xx-large)\">\n<h2 class=\"wp-block-heading has-text-align-center\"><mark style=\"background-color:rgba(0, 0, 0, 0)\" class=\"has-inline-color has-primary-color\">Nos partenaires<\/mark><\/h2>\n\n\n\n<div class=\"wp-block-getwid-images-slider has-arrows-none has-dots-outside is-carousel has-slides-gap-large has-images-center has-fitted-images\"><div class=\"wp-block-getwid-images-slider__wrapper\" data-effect=\"slide\" data-slides-show=\"5\" data-slides-show-laptop=\"1\" data-slides-show-tablet=\"1\" data-slides-show-mobile=\"1\" data-slides-scroll=\"1\" data-autoplay=\"true\" data-pause-hover=\"true\" data-autoplay-speed=\"1000\" data-infinite=\"true\" data-animation-speed=\"1000\" data-center-mode=\"true\" data-variable-width=\"false\" data-arrows=\"none\" data-dots=\"outside\" data-spacing=\"large\"><div class=\"wp-block-getwid-images-slider__item\"><a href=\"https:\/\/www.technocampus.be\/\"><figure><img alt=\"\" loading=\"lazy\" decoding=\"async\" width=\"300\" height=\"134\" src=\"https:\/\/www.technical-associates.eu\/wp-content\/uploads\/2025\/06\/TechnoCampus-Logo-01-300x134.png\" alt=\"\" data-id=\"43403\" data-link=\"https:\/\/www.technical-associates.eu\/technocampus-logo-01\/\" data-original-link=\"https:\/\/www.technical-associates.eu\/wp-content\/uploads\/2025\/06\/TechnoCampus-Logo-01.png\" data-custom-link=\"https:\/\/www.technocampus.be\/\" class=\"wp-block-getwid-images-slider__image wp-image-43403\" srcset=\"https:\/\/www.technical-associates.eu\/wp-content\/uploads\/2025\/06\/TechnoCampus-Logo-01-300x134.png 300w, https:\/\/www.technical-associates.eu\/wp-content\/uploads\/2025\/06\/TechnoCampus-Logo-01-1024x458.png 1024w, https:\/\/www.technical-associates.eu\/wp-content\/uploads\/2025\/06\/TechnoCampus-Logo-01-768x344.png 768w, https:\/\/www.technical-associates.eu\/wp-content\/uploads\/2025\/06\/TechnoCampus-Logo-01-1536x687.png 1536w, https:\/\/www.technical-associates.eu\/wp-content\/uploads\/2025\/06\/TechnoCampus-Logo-01-600x269.png 600w, https:\/\/www.technical-associates.eu\/wp-content\/uploads\/2025\/06\/TechnoCampus-Logo-01-1200x537.png 1200w, https:\/\/www.technical-associates.eu\/wp-content\/uploads\/2025\/06\/TechnoCampus-Logo-01.png 1877w\" sizes=\"auto, (max-width: 300px) 100vw, 300px\" \/><\/figure><\/a><\/div><div class=\"wp-block-getwid-images-slider__item\"><a href=\"https:\/\/sbm.be\/\"><figure><img alt=\"\" loading=\"lazy\" decoding=\"async\" width=\"300\" height=\"134\" src=\"https:\/\/www.technical-associates.eu\/wp-content\/uploads\/2025\/06\/SBM-Logo-01-300x134.png\" alt=\"\" data-id=\"43398\" data-link=\"https:\/\/www.technical-associates.eu\/sbm-logo-01\/\" data-original-link=\"https:\/\/www.technical-associates.eu\/wp-content\/uploads\/2025\/06\/SBM-Logo-01.png\" data-custom-link=\"https:\/\/sbm.be\/\" class=\"wp-block-getwid-images-slider__image wp-image-43398\" srcset=\"https:\/\/www.technical-associates.eu\/wp-content\/uploads\/2025\/06\/SBM-Logo-01-300x134.png 300w, https:\/\/www.technical-associates.eu\/wp-content\/uploads\/2025\/06\/SBM-Logo-01-1024x458.png 1024w, https:\/\/www.technical-associates.eu\/wp-content\/uploads\/2025\/06\/SBM-Logo-01-768x344.png 768w, https:\/\/www.technical-associates.eu\/wp-content\/uploads\/2025\/06\/SBM-Logo-01-1536x687.png 1536w, https:\/\/www.technical-associates.eu\/wp-content\/uploads\/2025\/06\/SBM-Logo-01-600x269.png 600w, https:\/\/www.technical-associates.eu\/wp-content\/uploads\/2025\/06\/SBM-Logo-01-1200x537.png 1200w, https:\/\/www.technical-associates.eu\/wp-content\/uploads\/2025\/06\/SBM-Logo-01.png 1877w\" sizes=\"auto, (max-width: 300px) 100vw, 300px\" \/><\/figure><\/a><\/div><div class=\"wp-block-getwid-images-slider__item\"><a href=\"https:\/\/www.nvdo.nl\/\"><figure><img alt=\"\" loading=\"lazy\" decoding=\"async\" width=\"300\" height=\"134\" src=\"https:\/\/www.technical-associates.eu\/wp-content\/uploads\/2025\/06\/NVDO-Logo-01-300x134.png\" alt=\"\" data-id=\"43394\" data-link=\"https:\/\/www.technical-associates.eu\/nvdo-logo-01\/\" data-original-link=\"https:\/\/www.technical-associates.eu\/wp-content\/uploads\/2025\/06\/NVDO-Logo-01.png\" data-custom-link=\"https:\/\/www.nvdo.nl\/\" class=\"wp-block-getwid-images-slider__image wp-image-43394\" srcset=\"https:\/\/www.technical-associates.eu\/wp-content\/uploads\/2025\/06\/NVDO-Logo-01-300x134.png 300w, https:\/\/www.technical-associates.eu\/wp-content\/uploads\/2025\/06\/NVDO-Logo-01-1024x458.png 1024w, https:\/\/www.technical-associates.eu\/wp-content\/uploads\/2025\/06\/NVDO-Logo-01-768x344.png 768w, https:\/\/www.technical-associates.eu\/wp-content\/uploads\/2025\/06\/NVDO-Logo-01-1536x687.png 1536w, https:\/\/www.technical-associates.eu\/wp-content\/uploads\/2025\/06\/NVDO-Logo-01-600x269.png 600w, https:\/\/www.technical-associates.eu\/wp-content\/uploads\/2025\/06\/NVDO-Logo-01-1200x537.png 1200w, https:\/\/www.technical-associates.eu\/wp-content\/uploads\/2025\/06\/NVDO-Logo-01.png 1877w\" sizes=\"auto, (max-width: 300px) 100vw, 300px\" \/><\/figure><\/a><\/div><div class=\"wp-block-getwid-images-slider__item\"><a href=\"https:\/\/www.technicalassociates.net\/\"><figure><img alt=\"\" loading=\"lazy\" decoding=\"async\" width=\"300\" height=\"134\" src=\"https:\/\/www.technical-associates.eu\/wp-content\/uploads\/2025\/05\/TAC-Logo-02-300x134.png\" alt=\"\" data-id=\"43310\" data-link=\"https:\/\/www.technical-associates.eu\/tac-logo-02\/\" data-original-link=\"https:\/\/www.technical-associates.eu\/wp-content\/uploads\/2025\/05\/TAC-Logo-02.png\" data-custom-link=\"https:\/\/www.technicalassociates.net\/\" class=\"wp-block-getwid-images-slider__image wp-image-43310\" srcset=\"https:\/\/www.technical-associates.eu\/wp-content\/uploads\/2025\/05\/TAC-Logo-02-300x134.png 300w, https:\/\/www.technical-associates.eu\/wp-content\/uploads\/2025\/05\/TAC-Logo-02-1024x458.png 1024w, https:\/\/www.technical-associates.eu\/wp-content\/uploads\/2025\/05\/TAC-Logo-02-768x344.png 768w, https:\/\/www.technical-associates.eu\/wp-content\/uploads\/2025\/05\/TAC-Logo-02-1536x687.png 1536w, https:\/\/www.technical-associates.eu\/wp-content\/uploads\/2025\/05\/TAC-Logo-02-600x269.png 600w, https:\/\/www.technical-associates.eu\/wp-content\/uploads\/2025\/05\/TAC-Logo-02-1200x537.png 1200w, https:\/\/www.technical-associates.eu\/wp-content\/uploads\/2025\/05\/TAC-Logo-02.png 1877w\" sizes=\"auto, (max-width: 300px) 100vw, 300px\" \/><\/figure><\/a><\/div><div class=\"wp-block-getwid-images-slider__item\"><a href=\"https:\/\/www.bemas.org\/en\"><figure><img alt=\"\" loading=\"lazy\" decoding=\"async\" width=\"300\" height=\"300\" src=\"https:\/\/www.technical-associates.eu\/wp-content\/uploads\/2025\/05\/BEMAS-Logo-01-300x300.png\" alt=\"\" data-id=\"43136\" data-link=\"https:\/\/www.technical-associates.eu\/bemas-logo-01\/\" data-original-link=\"https:\/\/www.technical-associates.eu\/wp-content\/uploads\/2025\/05\/BEMAS-Logo-01.png\" data-custom-link=\"https:\/\/www.bemas.org\/en\" class=\"wp-block-getwid-images-slider__image wp-image-43136\" srcset=\"https:\/\/www.technical-associates.eu\/wp-content\/uploads\/2025\/05\/BEMAS-Logo-01-300x300.png 300w, https:\/\/www.technical-associates.eu\/wp-content\/uploads\/2025\/05\/BEMAS-Logo-01-150x150.png 150w, https:\/\/www.technical-associates.eu\/wp-content\/uploads\/2025\/05\/BEMAS-Logo-01-450x450.png 450w, https:\/\/www.technical-associates.eu\/wp-content\/uploads\/2025\/05\/BEMAS-Logo-01.png 500w\" sizes=\"auto, (max-width: 300px) 100vw, 300px\" \/><\/figure><\/a><\/div><div class=\"wp-block-getwid-images-slider__item\"><a href=\"https:\/\/www.cimi.fr\/\"><figure><img alt=\"\" loading=\"lazy\" decoding=\"async\" width=\"300\" height=\"300\" src=\"https:\/\/www.technical-associates.eu\/wp-content\/uploads\/2025\/05\/CIMI-Logo-01-300x300.png\" alt=\"\" data-id=\"43128\" data-link=\"https:\/\/www.technical-associates.eu\/cimi-logo-01\/\" data-original-link=\"https:\/\/www.technical-associates.eu\/wp-content\/uploads\/2025\/05\/CIMI-Logo-01.png\" data-custom-link=\"https:\/\/www.cimi.fr\/\" class=\"wp-block-getwid-images-slider__image wp-image-43128\" srcset=\"https:\/\/www.technical-associates.eu\/wp-content\/uploads\/2025\/05\/CIMI-Logo-01-300x300.png 300w, https:\/\/www.technical-associates.eu\/wp-content\/uploads\/2025\/05\/CIMI-Logo-01-150x150.png 150w, https:\/\/www.technical-associates.eu\/wp-content\/uploads\/2025\/05\/CIMI-Logo-01-450x450.png 450w, https:\/\/www.technical-associates.eu\/wp-content\/uploads\/2025\/05\/CIMI-Logo-01.png 500w\" sizes=\"auto, (max-width: 300px) 100vw, 300px\" \/><\/figure><\/a><\/div><\/div><\/div>\n<\/div>\n\n\n\n<div class=\"wp-block-group alignfull is-style-default has-primary-color has-text-color has-link-color wp-elements-b7de650a2dc23c2e9504b27a1401733c has-global-padding is-layout-constrained wp-block-group-is-layout-constrained\" style=\"margin-top:0;padding-top:var(--wp--preset--spacing--x-large);padding-bottom:var(--wp--preset--spacing--xx-large);box-shadow:none;--octopods-group-box-shadow:rgba(48,75,130,.15) 0 0 50px 0\">\n<div class=\"wp-block-group has-base-color has-contrast-background-color has-text-color has-background has-link-color wp-elements-01d567b0f8bea6cbce6df9a8da93f2ac is-vertical is-content-justification-center is-layout-flex wp-container-core-group-is-layout-e24ec2f6 wp-block-group-is-layout-flex\" style=\"border-radius:19px;padding-top:var(--wp--preset--spacing--medium);padding-right:var(--wp--preset--spacing--medium);padding-bottom:var(--wp--preset--spacing--medium);padding-left:var(--wp--preset--spacing--medium);box-shadow:var(--wp--preset--shadow--natural)\">\n<h2 class=\"wp-block-heading has-text-align-center\">Votre parcours de formation commence ici<\/h2>\n\n\n\n<div class=\"wp-block-buttons is-content-justification-center is-layout-flex wp-container-core-buttons-is-layout-a89b3969 wp-block-buttons-is-layout-flex\">\n<div class=\"wp-block-button\"><a class=\"wp-block-button__link has-secondary-background-color has-background wp-element-button\" href=\"https:\/\/www.technical-associates.eu\/fr\/contact\/\">Contactez-nous<\/a><\/div>\n<\/div>\n<\/div>\n<\/div>\n","protected":false},"excerpt":{"rendered":"<p>Des formations au service de la fiabilit\u00e9 et de la performance Notre mission : transmettre aux \u00e9quipes les comp\u00e9tences n\u00e9cessaires pour renforcer la fiabilit\u00e9, am\u00e9liorer l\u2019efficacit\u00e9 et rester comp\u00e9titives, quel que soit le secteur. Notre parcours vers l\u2019excellence en formation en Europe Fond\u00e9 sur l\u2019exp\u00e9rience. Centr\u00e9 sur la performance. TAE propose des formations certifiantes et [&hellip;]<\/p>\n","protected":false},"author":7,"featured_media":71200,"parent":0,"menu_order":0,"comment_status":"closed","ping_status":"closed","template":"","meta":{"_acf_changed":false,"_seopress_robots_primary_cat":"","_seopress_titles_title":"","_seopress_titles_desc":"Technical Associates of Europe, h\u00e9rit\u00e9e de TA Charlotte (1961), forme vos \u00e9quipes \u00e0 la maintenance pr\u00e9dictive et \u00e0 la fiabilit\u00e9 pour renforcer la performance industrielle.","_seopress_robots_index":"","content-type":"","inline_featured_image":false,"footnotes":""},"page_category":[],"class_list":["post-71229","page","type-page","status-publish","has-post-thumbnail"],"acf":[],"_links":{"self":[{"href":"https:\/\/www.technical-associates.eu\/fr\/wp-json\/wp\/v2\/pages\/71229","targetHints":{"allow":["GET"]}}],"collection":[{"href":"https:\/\/www.technical-associates.eu\/fr\/wp-json\/wp\/v2\/pages"}],"about":[{"href":"https:\/\/www.technical-associates.eu\/fr\/wp-json\/wp\/v2\/types\/page"}],"author":[{"embeddable":true,"href":"https:\/\/www.technical-associates.eu\/fr\/wp-json\/wp\/v2\/users\/7"}],"replies":[{"embeddable":true,"href":"https:\/\/www.technical-associates.eu\/fr\/wp-json\/wp\/v2\/comments?post=71229"}],"version-history":[{"count":0,"href":"https:\/\/www.technical-associates.eu\/fr\/wp-json\/wp\/v2\/pages\/71229\/revisions"}],"wp:featuredmedia":[{"embeddable":true,"href":"https:\/\/www.technical-associates.eu\/fr\/wp-json\/wp\/v2\/media\/71200"}],"wp:attachment":[{"href":"https:\/\/www.technical-associates.eu\/fr\/wp-json\/wp\/v2\/media?parent=71229"}],"wp:term":[{"taxonomy":"page_category","embeddable":true,"href":"https:\/\/www.technical-associates.eu\/fr\/wp-json\/wp\/v2\/page_category?post=71229"}],"curies":[{"name":"wp","href":"https:\/\/api.w.org\/{rel}","templated":true}]}}