{"id":74707,"date":"2026-03-20T12:41:44","date_gmt":"2026-03-20T12:41:44","guid":{"rendered":"https:\/\/www.technical-associates.eu\/qualiopi\/"},"modified":"2026-03-27T10:22:57","modified_gmt":"2026-03-27T10:22:57","slug":"qualiopi","status":"publish","type":"page","link":"https:\/\/www.technical-associates.eu\/fr\/qualiopi\/","title":{"rendered":"Qualiopi"},"content":{"rendered":"\n<div class=\"wp-block-group alignfull icare-hero is-style-shade-left has-background has-global-padding is-layout-constrained wp-block-group-is-layout-constrained\" style=\"background-color:#f4f6f9;margin-top:0;margin-bottom:0;padding-top:var(--wp--preset--spacing--medium);padding-bottom:var(--wp--preset--spacing--xx-large);--octopods-group-overlay-color:#ffffff;--octopods-group-overflow:hidden;--octopods-group-position:relative\">\n<div style=\"height:45px\" aria-hidden=\"true\" class=\"wp-block-spacer block-visibility-hide-large-screen block-visibility-hide-medium-screen\"><\/div>\n\n\n\n<div style=\"height:150px\" aria-hidden=\"true\" class=\"wp-block-spacer block-visibility-hide-small-screen\"><\/div>\n\n\n\n<div class=\"wp-block-group icare-hero__content is-content-justification-space-between is-nowrap is-layout-flex wp-container-core-group-is-layout-cb46ffcb wp-block-group-is-layout-flex\" style=\"min-height:35vh;--octopods-group-z-index:2;aspect-ratio:unset;\" data-aos=\"fade-up\">\n<div class=\"wp-block-columns are-vertically-aligned-center is-style-columns-reverse wp-container-content-9cfa9a5a is-layout-flex wp-container-core-columns-is-layout-28f84493 wp-block-columns-is-layout-flex\">\n<div class=\"wp-block-column is-vertically-aligned-center is-layout-flow wp-block-column-is-layout-flow\" data-aos=\"fade\" data-aos-duration=\"900\" data-aos-easing=\"ease-in-out\" data-aos-once=\"true\">\n<div class=\"wp-block-group is-layout-flow wp-block-group-is-layout-flow\" style=\"padding-right:35px\">\n<h1 class=\"wp-block-heading\">Excellence certifi\u00e9e<\/h1>\n\n\n\n<p style=\"font-size:clamp(0.875rem, 0.875rem + ((1vw - 0.2rem) * 0.531), 1.3rem);\">Avec la certification QUALIOPI, nous garantissons les normes les plus \u00e9lev\u00e9es en mati\u00e8re de formation professionnelle, en proposant des sessions priv\u00e9es et publiques, accessibles \u00e0 tous.<\/p>\n\n\n\n<div class=\"wp-block-buttons is-layout-flex wp-block-buttons-is-layout-flex\">\n<div class=\"wp-block-button\"><a class=\"wp-block-button__link has-secondary-color has-text-color has-background wp-element-button\" href=\"https:\/\/www.icareweb.com\/wp-content\/uploads\/2025\/05\/641676-44894-Certificat-Qualiopi-renouvellement-Cofrac.pdf\" style=\"border-width:2px;background-color:#FFFFFF00\">Voir le certificat<\/a><\/div>\n<\/div>\n\n\n\n<div style=\"height:2vw\" aria-hidden=\"true\" class=\"wp-block-spacer\"><\/div>\n<\/div>\n<\/div>\n\n\n\n<div class=\"wp-block-column is-vertically-aligned-center is-layout-flow wp-block-column-is-layout-flow\" data-aos=\"fade-right\" data-aos-duration=\"900\" data-aos-easing=\"ease-in-out\" data-aos-once=\"true\">\n<div class=\"wp-block-group has-global-padding is-layout-constrained wp-block-group-is-layout-constrained\" style=\"--octopods-group-position:relative\">\n<figure class=\"wp-block-gallery has-nested-images columns-default is-cropped wp-block-gallery-1 is-layout-flex wp-block-gallery-is-layout-flex\">\n<figure class=\"wp-block-image size-full has-custom-border\"><img alt=\"\" decoding=\"async\" data-id=\"44663\" src=\"https:\/\/www.icareweb.com\/wp-content\/uploads\/2025\/04\/qualipi-af-logo-01.png\" alt=\"\" class=\"wp-image-44663\" style=\"border-radius:20px;box-shadow:var(--wp--preset--shadow--deep)\"\/><\/figure>\n<\/figure>\n<\/div>\n<\/div>\n<\/div>\n<\/div>\n\n\n\n<div style=\"height:45px\" aria-hidden=\"true\" class=\"wp-block-spacer block-visibility-hide-large-screen block-visibility-hide-medium-screen\"><\/div>\n\n\n\n<div style=\"height:150px\" aria-hidden=\"true\" class=\"wp-block-spacer block-visibility-hide-small-screen\"><\/div>\n\n\n\n<div class=\"wp-block-group alignfull icare-hero__divider is-layout-flow wp-block-group-is-layout-flow\" style=\"margin-top:0px;margin-bottom:0px;--octopods-group-overlay-color:#ffffff;--octopods-group-position:absolute;--octopods-group-bottom:0px;--octopods-group-left:0px;--octopods-group-right:0px\">\n<div style=\"background-color:#f4f6f9;min-height:350px;margin-top:0px;--octopods-divider-shape-color:#ffffff;--octopods-divider-icon-color:;--octopods-divider-icon-size:20px;--octopods-divider-icon-align:center;--octopods-divider-icon-justify:center\" class=\"wp-block-octopods-divider alignfull has-background\"><div class=\"wp-block-octopods-divider__shape\"><svg xmlns=\"http:\/\/www.w3.org\/2000\/svg\" aria-hidden=\"true\" class=\"curve_svg__octopods-divider-svg curve_svg__octopods-divider-svg--curve\" preserveAspectRatio=\"none\" viewBox=\"0 0 1600 200\"><path d=\"M1610 177.3C1423 122.9 1133.3 88 808 88c-334.7 0-631.8 37-818 94.1v28h1620z\"><\/path><\/svg><\/div><\/div>\n<\/div>\n<\/div>\n\n\n\n<div class=\"wp-block-group alignfull is-style-shade-right-bottom has-global-padding is-layout-constrained wp-container-core-group-is-layout-9864c2c2 wp-block-group-is-layout-constrained\" style=\"margin-top:0;margin-bottom:0;padding-top:var(--wp--preset--spacing--medium);padding-bottom:var(--wp--preset--spacing--large);--octopods-group-overlay-color:#f4f6f9;--octopods-group-z-index:\">\n<div class=\"wp-block-columns are-vertically-aligned-center is-layout-flex wp-container-core-columns-is-layout-28f84493 wp-block-columns-is-layout-flex\" data-aos=\"fade-right\">\n<div class=\"wp-block-column is-vertically-aligned-center is-layout-flow wp-block-column-is-layout-flow\">\n<div class=\"wp-block-columns is-layout-flex wp-container-core-columns-is-layout-28232c24 wp-block-columns-is-layout-flex\">\n<div class=\"wp-block-column is-layout-flow wp-block-column-is-layout-flow\">\n<div class=\"wp-block-group is-vertical is-content-justification-center is-layout-flex wp-container-core-group-is-layout-4eb4b0f8 wp-block-group-is-layout-flex\">\n<figure class=\"wp-block-image size-full is-resized is-style-default\"><img alt=\"\" decoding=\"async\" src=\"http:\/\/www.icareweb.com\/wp-content\/uploads\/2024\/10\/illustration-qualiopi-board-01.png\" alt=\"\" class=\"wp-image-27889\" style=\"width:auto;height:150px\"\/><\/figure>\n\n\n\n<div class=\"wp-block-group is-vertical is-content-justification-center is-layout-flex wp-container-core-group-is-layout-81423f52 wp-block-group-is-layout-flex\">\n<p class=\"has-secondary-color has-text-color has-link-color has-large-font-size wp-elements-13cc8ed343f13eca7322cf6851454d37\"><strong>9.8\/10<\/strong><\/p>\n\n\n\n<div class=\"wp-block-group has-global-padding is-layout-constrained wp-container-core-group-is-layout-2e559066 wp-block-group-is-layout-constrained\" style=\"min-height:0px;margin-top:0;margin-bottom:0;padding-right:0;padding-left:0;aspect-ratio:unset;\">\n<p class=\"has-text-align-center has-primary-color has-text-color has-link-color wp-elements-d6e8779bc8db1c26fdb13404b0ed1163\"><strong><strong><strong>Notes donn\u00e9es <\/strong><br><strong>\u00e0 nos formateurs <\/strong><br><strong>par les participants<\/strong><\/strong><\/strong><\/p>\n<\/div>\n<\/div>\n<\/div>\n<\/div>\n\n\n\n<div class=\"wp-block-column is-layout-flow wp-block-column-is-layout-flow\">\n<div class=\"wp-block-group is-vertical is-content-justification-center is-layout-flex wp-container-core-group-is-layout-4eb4b0f8 wp-block-group-is-layout-flex\">\n<figure class=\"wp-block-image size-full is-resized is-style-default\"><img alt=\"\" decoding=\"async\" src=\"http:\/\/www.icareweb.com\/wp-content\/uploads\/2024\/10\/illustration-qualiopi-hand-01.png\" alt=\"\" class=\"wp-image-27895\" style=\"width:auto;height:150px\"\/><\/figure>\n\n\n\n<div class=\"wp-block-group is-vertical is-content-justification-center is-layout-flex wp-container-core-group-is-layout-81423f52 wp-block-group-is-layout-flex\">\n<p class=\"has-secondary-color has-text-color has-link-color has-large-font-size wp-elements-7f8d13566e968578334d9558203e33b2\"><strong>9.1\/10<\/strong><\/p>\n\n\n\n<div class=\"wp-block-group has-global-padding is-layout-constrained wp-container-core-group-is-layout-826006b0 wp-block-group-is-layout-constrained\" style=\"padding-right:0;padding-left:0\">\n<p class=\"has-text-align-center has-primary-color has-text-color has-link-color wp-elements-387ef5c09af5dba57b6dd0a02b975eac\"><strong><strong>Notes donn\u00e9es au <\/strong><br><strong>contenu des formations<\/strong> <strong>par les participants<\/strong><\/strong><\/p>\n<\/div>\n<\/div>\n<\/div>\n<\/div>\n<\/div>\n<\/div>\n\n\n\n<div class=\"wp-block-column is-vertically-aligned-center is-layout-flow wp-container-core-column-is-layout-c7b3064f wp-block-column-is-layout-flow\">\n<h2 class=\"wp-block-heading has-text-align-left\">Une expertise reconnue<\/h2>\n\n\n\n<div class=\"wp-block-group is-vertical is-layout-flex wp-container-core-group-is-layout-e9e558ad wp-block-group-is-layout-flex\">\n<p>I-care SAS a obtenu la certification QUALIOPI (num\u00e9ro de d\u00e9claration activit\u00e9 n\u00b0641676) pour ses actions de formation.<\/p>\n\n\n\n<p>Cette certification atteste de la qualit\u00e9 du processus mis en \u0153uvre par les prestataires de formations visant au d\u00e9veloppement des comp\u00e9tences, selon les crit\u00e8res d\u00e9finis par les OPCO (OP\u00e9rateurs de COmp\u00e9tences).<\/p>\n\n\n\n<p>Les retours et chiffres cl\u00e9s plaident en notre faveur (p\u00e9riode 2022-2023) !<\/p>\n<\/div>\n\n\n\n<div class=\"wp-block-buttons is-content-justification-left is-layout-flex wp-container-core-buttons-is-layout-fc4fd283 wp-block-buttons-is-layout-flex\">\n<div class=\"wp-block-button is-style-default\"><a class=\"wp-block-button__link has-secondary-background-color has-background wp-element-button\" href=\"https:\/\/www.technical-associates.eu\/fr\/contact\/\">Nous contacter<\/a><\/div>\n<\/div>\n<\/div>\n<\/div>\n<\/div>\n\n\n\n<div class=\"wp-block-group is-style-default has-global-padding is-layout-constrained wp-container-core-group-is-layout-61fdcf4f wp-block-group-is-layout-constrained\" style=\"padding-top:var(--wp--preset--spacing--x-large);padding-bottom:var(--wp--preset--spacing--large);--octopods-group-z-index:2\" data-aos=\"fade-left\">\n<div class=\"wp-block-group has-global-padding is-layout-constrained wp-block-group-is-layout-constrained\">\n<h2 class=\"wp-block-heading has-text-align-center\"><strong><strong>Des formules <mark style=\"background-color:rgba(0, 0, 0, 0)\" class=\"has-inline-color has-secondary-color\">adapt\u00e9es \u00e0 vos besoins<\/mark><\/strong><\/strong><\/h2>\n<\/div>\n\n\n\n<div class=\"wp-block-group is-layout-grid wp-container-core-group-is-layout-7c54ae96 wp-block-group-is-layout-grid\" style=\"--octopods-group-grid-columns-tablet:1;--octopods-group-grid-columns-mobile:1\">\n<div class=\"wp-block-group has-base-background-color has-background has-global-padding is-layout-constrained wp-container-core-group-is-layout-8217c53c wp-block-group-is-layout-constrained\" style=\"border-radius:20px;padding-top:var(--wp--preset--spacing--medium);padding-right:var(--wp--preset--spacing--medium);padding-bottom:var(--wp--preset--spacing--medium);padding-left:var(--wp--preset--spacing--medium);box-shadow:var(--wp--preset--shadow--natural)\">\n<h3 class=\"wp-block-heading has-text-align-center\">Priv\u00e9e<\/h3>\n\n\n\n<div class=\"wp-block-group is-vertical is-content-justification-center is-layout-flex wp-container-core-group-is-layout-4eb4b0f8 wp-block-group-is-layout-flex\">\n<p class=\"has-text-align-center\">Vous souhaitez organiser des formations directement sur votre site afin de r\u00e9pondre aux besoins sp\u00e9cifiques de vos \u00e9quipes ?<\/p>\n\n\n\n<p class=\"has-text-align-center\">Nous pouvons d\u00e9terminer ensemble le lieu et la date qui conviendront le mieux \u00e0 vos contraintes organisationnelles.<\/p>\n<\/div>\n<\/div>\n\n\n\n<div class=\"wp-block-group has-base-background-color has-background has-global-padding is-layout-constrained wp-container-core-group-is-layout-8217c53c wp-block-group-is-layout-constrained\" style=\"border-radius:20px;padding-top:var(--wp--preset--spacing--medium);padding-right:var(--wp--preset--spacing--medium);padding-bottom:var(--wp--preset--spacing--medium);padding-left:var(--wp--preset--spacing--medium);box-shadow:var(--wp--preset--shadow--natural)\">\n<h3 class=\"wp-block-heading has-text-align-center\">Publique<\/h3>\n\n\n\n<div class=\"wp-block-group is-vertical is-content-justification-center is-layout-flex wp-container-core-group-is-layout-4eb4b0f8 wp-block-group-is-layout-flex\">\n<p class=\"has-text-align-center\">Vous envisagez de participer \u00e0 nos sessions inter-entreprises et rencontrer d&rsquo;autres professionnels de votre secteur?<\/p>\n\n\n\n<p class=\"has-text-align-center\">Nous vous informerons d\u00e8s que le nombre minimum de participants requis sera atteint pour garantir la tenue de la session<\/p>\n<\/div>\n<\/div>\n<\/div>\n\n\n\n<div class=\"wp-block-buttons is-content-justification-center is-layout-flex wp-container-core-buttons-is-layout-a89b3969 wp-block-buttons-is-layout-flex\">\n<div class=\"wp-block-button\"><a class=\"wp-block-button__link has-secondary-background-color has-background wp-element-button\" href=\"https:\/\/www.technical-associates.eu\/fr\/contact\/\">Nous joindre<\/a><\/div>\n<\/div>\n<\/div>\n\n\n\n<div class=\"wp-block-group alignfull has-global-padding is-layout-constrained wp-container-core-group-is-layout-eb6141ef wp-block-group-is-layout-constrained\" style=\"margin-bottom:0;--octopods-group-overlay-color:#F4F6F9;--octopods-group-transform:rotate(180deg)\">\n<div style=\"min-height:150px;margin-top:0px;margin-bottom:0;--octopods-divider-shape-color:#ffffff;--octopods-divider-icon-color:;--octopods-divider-icon-size:20px;--octopods-divider-icon-align:center;--octopods-divider-icon-justify:center\" class=\"wp-block-octopods-divider alignfull\"><div class=\"wp-block-octopods-divider__shape\"><svg xmlns=\"http:\/\/www.w3.org\/2000\/svg\" aria-hidden=\"true\" class=\"curve_svg__octopods-divider-svg curve_svg__octopods-divider-svg--curve\" preserveAspectRatio=\"none\" viewBox=\"0 0 1600 200\"><path d=\"M1610 177.3C1423 122.9 1133.3 88 808 88c-334.7 0-631.8 37-818 94.1v28h1620z\"><\/path><\/svg><\/div><\/div>\n<\/div>\n\n\n\n<div class=\"wp-block-group alignfull has-background has-global-padding is-layout-constrained wp-block-group-is-layout-constrained\" style=\"background-color:#f4f6f9;margin-top:0;margin-bottom:0;padding-top:var(--wp--preset--spacing--large);padding-bottom:var(--wp--preset--spacing--large);box-shadow:none\">\n<div class=\"wp-block-group is-vertical is-content-justification-center is-layout-flex wp-container-core-group-is-layout-b032f303 wp-block-group-is-layout-flex\" data-aos=\"fade-up\">\n<h2 class=\"wp-block-heading\"><mark style=\"background-color:rgba(0, 0, 0, 0)\" class=\"has-inline-color has-secondary-color\">Modalit\u00e9s <\/mark><mark style=\"background-color:rgba(0, 0, 0, 0)\" class=\"has-inline-color has-contrast-color\">d&rsquo;\u00e9valuation<\/mark><\/h2>\n\n\n\n<div class=\"wp-block-group has-global-padding is-layout-constrained wp-container-core-group-is-layout-741bb8c8 wp-block-group-is-layout-constrained\" style=\"padding-right:0;padding-left:0\">\n<p class=\"has-text-align-center\">Toutes les formations identifi\u00e9es au catalogue font l&rsquo;objet d&rsquo;une \u00e9valuation sous la forme d&rsquo;un formulaire (Questions \u00e0 Choix Multiples), qu&rsquo;elles soient certifiantes ou non.<\/p>\n<\/div>\n\n\n\n<div class=\"wp-block-buttons is-layout-flex wp-block-buttons-is-layout-flex\">\n<div class=\"wp-block-button is-style-default\"><a class=\"wp-block-button__link has-secondary-background-color has-background wp-element-button\" href=\"https:\/\/www.technical-associates.eu\/fr\/contact\/\">Nous contacter<\/a><\/div>\n<\/div>\n<\/div>\n<\/div>\n\n\n\n<div style=\"background-color:#f4f6f9;min-height:150px;margin-top:0;margin-bottom:0;--octopods-divider-shape-color:#ffffff;--octopods-divider-icon-color:;--octopods-divider-icon-size:20px;--octopods-divider-icon-align:center;--octopods-divider-icon-justify:center;--octopods-divider-icon-rotation:172deg\" class=\"wp-block-octopods-divider alignfull has-background\"><div class=\"wp-block-octopods-divider__shape\"><svg xmlns=\"http:\/\/www.w3.org\/2000\/svg\" aria-hidden=\"true\" class=\"curve_svg__octopods-divider-svg curve_svg__octopods-divider-svg--curve\" preserveAspectRatio=\"none\" viewBox=\"0 0 1600 200\"><path d=\"M1610 177.3C1423 122.9 1133.3 88 808 88c-334.7 0-631.8 37-818 94.1v28h1620z\"><\/path><\/svg><\/div><\/div>\n\n\n\n<div class=\"wp-block-group alignfull is-style-shade-right-bottom has-global-padding is-layout-constrained wp-block-group-is-layout-constrained\" style=\"margin-top:0;margin-bottom:0;padding-top:var(--wp--preset--spacing--x-large);padding-bottom:var(--wp--preset--spacing--large);--octopods-group-overlay-color:#e2e3e6;--octopods-group-z-index:2\">\n<div class=\"wp-block-columns are-vertically-aligned-center is-layout-flex wp-container-core-columns-is-layout-28f84493 wp-block-columns-is-layout-flex\" data-aos=\"fade-right\">\n<div class=\"wp-block-column is-vertically-aligned-center is-layout-flow wp-block-column-is-layout-flow\">\n<figure class=\"wp-block-image size-full has-custom-border\"><img alt=\"\" decoding=\"async\" src=\"http:\/\/www.icareweb.com\/wp-content\/uploads\/2024\/09\/training-02.jpg\" alt=\"\" class=\"wp-image-23543\" style=\"border-radius:20px;box-shadow:var(--wp--preset--shadow--natural);aspect-ratio:4\/3;object-fit:cover\"\/><\/figure>\n<\/div>\n\n\n\n<div class=\"wp-block-column is-vertically-aligned-center is-layout-flow wp-container-core-column-is-layout-c7b3064f wp-block-column-is-layout-flow\">\n<h2 class=\"wp-block-heading\">A propos des formations priv\u00e9es<\/h2>\n\n\n\n<div class=\"wp-block-group is-vertical is-layout-flex wp-container-core-group-is-layout-e9e558ad wp-block-group-is-layout-flex\">\n<p>Dans le cas des formations priv\u00e9es, et sauf cas particulier, le d\u00e9lai d&rsquo;acc\u00e8s moyen entre la date de validation et la premi\u00e8re heure de formation est d&rsquo;un mois pour des programmes de formation standard.<\/p>\n\n\n\n<p>Ce d\u00e9lai peut \u00eatre allong\u00e9 s\u2019il s\u2019agit de r\u00e9aliser des formations sur demande (personnalis\u00e9es). Ce d\u00e9lai suppose que les dates de planification propos\u00e9es soient rapidement valid\u00e9es.<\/p>\n<\/div>\n\n\n\n<div class=\"wp-block-buttons is-layout-flex wp-block-buttons-is-layout-flex\">\n<div class=\"wp-block-button is-style-default\"><a class=\"wp-block-button__link has-secondary-background-color has-background wp-element-button\" href=\"https:\/\/www.technical-associates.eu\/fr\/contact\/\">Nous joindre<\/a><\/div>\n<\/div>\n<\/div>\n<\/div>\n<\/div>\n\n\n\n<div class=\"wp-block-group alignfull has-global-padding is-layout-constrained wp-container-core-group-is-layout-eb6141ef wp-block-group-is-layout-constrained\" style=\"margin-bottom:0;--octopods-group-overlay-color:#F4F6F9;--octopods-group-transform:rotate(180deg)\">\n<div style=\"min-height:150px;margin-top:0px;margin-bottom:0;--octopods-divider-shape-color:#ffffff;--octopods-divider-icon-color:;--octopods-divider-icon-size:20px;--octopods-divider-icon-align:center;--octopods-divider-icon-justify:center\" class=\"wp-block-octopods-divider alignfull\"><div class=\"wp-block-octopods-divider__shape\"><svg xmlns=\"http:\/\/www.w3.org\/2000\/svg\" aria-hidden=\"true\" class=\"curve_svg__octopods-divider-svg curve_svg__octopods-divider-svg--curve\" preserveAspectRatio=\"none\" viewBox=\"0 0 1600 200\"><path d=\"M1610 177.3C1423 122.9 1133.3 88 808 88c-334.7 0-631.8 37-818 94.1v28h1620z\"><\/path><\/svg><\/div><\/div>\n<\/div>\n\n\n\n<div class=\"wp-block-group alignfull has-background has-global-padding is-layout-constrained wp-block-group-is-layout-constrained\" style=\"background:linear-gradient(180deg,rgb(244,246,249) 0%,rgb(255,255,255) 100%);margin-top:0;margin-bottom:0;padding-top:var(--wp--preset--spacing--large);padding-bottom:var(--wp--preset--spacing--large);box-shadow:none\">\n<div class=\"wp-block-group is-vertical is-content-justification-center is-layout-flex wp-container-core-group-is-layout-b032f303 wp-block-group-is-layout-flex\" data-aos=\"fade-down\">\n<h2 class=\"wp-block-heading\">Acc\u00e8s \u00e0 nos formations<\/h2>\n\n\n\n<div class=\"wp-block-group has-global-padding is-layout-constrained wp-container-core-group-is-layout-741bb8c8 wp-block-group-is-layout-constrained has-aspect-ratio\" style=\"padding-right:0;padding-left:0;aspect-ratio:auto;min-height:unset;\">\n<p class=\"has-text-align-center\">Pour toute question relative \u00e0 un accompagnement pour une personne en situation de Handicap, pour plus d&rsquo;informations ou pour vous inscrire, contactez notre \u00e9quipe.<\/p>\n<\/div>\n\n\n\n<div class=\"wp-block-buttons is-layout-flex wp-block-buttons-is-layout-flex\">\n<div class=\"wp-block-button is-style-default\"><a class=\"wp-block-button__link has-secondary-background-color has-background wp-element-button\" href=\"https:\/\/www.technical-associates.eu\/fr\/contact\/\">Nous contacter<\/a><\/div>\n<\/div>\n<\/div>\n<\/div>\n","protected":false},"excerpt":{"rendered":"<p>Excellence certifi\u00e9e Avec la certification QUALIOPI, nous garantissons les normes les plus \u00e9lev\u00e9es en mati\u00e8re de formation professionnelle, en proposant des sessions priv\u00e9es et publiques, accessibles \u00e0 tous. 9.8\/10 Notes donn\u00e9es \u00e0 nos formateurs par les participants 9.1\/10 Notes donn\u00e9es au contenu des formations par les participants Une expertise reconnue I-care SAS a obtenu la [&hellip;]<\/p>\n","protected":false},"author":9,"featured_media":74731,"parent":0,"menu_order":0,"comment_status":"closed","ping_status":"closed","template":"","meta":{"_acf_changed":false,"_seopress_robots_primary_cat":"","_seopress_titles_title":"","_seopress_titles_desc":"Formations certifi\u00e9es QUALIOPI par I-care : sessions tr\u00e8s bien not\u00e9es, formateurs experts et programmes flexibles, priv\u00e9s ou publics, adapt\u00e9s \u00e0 vos besoins.","_seopress_robots_index":"","content-type":"","inline_featured_image":false,"footnotes":""},"page_category":[],"class_list":["post-74707","page","type-page","status-publish","has-post-thumbnail"],"acf":[],"_links":{"self":[{"href":"https:\/\/www.technical-associates.eu\/fr\/wp-json\/wp\/v2\/pages\/74707","targetHints":{"allow":["GET"]}}],"collection":[{"href":"https:\/\/www.technical-associates.eu\/fr\/wp-json\/wp\/v2\/pages"}],"about":[{"href":"https:\/\/www.technical-associates.eu\/fr\/wp-json\/wp\/v2\/types\/page"}],"author":[{"embeddable":true,"href":"https:\/\/www.technical-associates.eu\/fr\/wp-json\/wp\/v2\/users\/9"}],"replies":[{"embeddable":true,"href":"https:\/\/www.technical-associates.eu\/fr\/wp-json\/wp\/v2\/comments?post=74707"}],"version-history":[{"count":0,"href":"https:\/\/www.technical-associates.eu\/fr\/wp-json\/wp\/v2\/pages\/74707\/revisions"}],"wp:featuredmedia":[{"embeddable":true,"href":"https:\/\/www.technical-associates.eu\/fr\/wp-json\/wp\/v2\/media\/74731"}],"wp:attachment":[{"href":"https:\/\/www.technical-associates.eu\/fr\/wp-json\/wp\/v2\/media?parent=74707"}],"wp:term":[{"taxonomy":"page_category","embeddable":true,"href":"https:\/\/www.technical-associates.eu\/fr\/wp-json\/wp\/v2\/page_category?post=74707"}],"curies":[{"name":"wp","href":"https:\/\/api.w.org\/{rel}","templated":true}]}}